{"id":3928,"date":"2026-04-29T16:31:11","date_gmt":"2026-04-29T16:31:11","guid":{"rendered":"https:\/\/staging.massisouvenir.it\/?post_type=product&#038;p=3928"},"modified":"2026-04-29T16:31:11","modified_gmt":"2026-04-29T16:31:11","slug":"statuina-san-giuda-taddeo-bambino","status":"publish","type":"product","link":"https:\/\/staging.massisouvenir.it\/es\/prodotto\/statuina-san-giuda-taddeo-bambino\/","title":{"rendered":"Estatuilla San Judas Tadeo &#8220;Estilo Ni\u00f1o"},"content":{"rendered":"<h3>Estatuilla San Judas ni\u00f1o<\/h3>\n<p data-path-to-node=\"14\"><b data-path-to-node=\"14\" data-index-in-node=\"0\">Caracter\u00edsticas t\u00e9cnicas:<\/b><\/p>\n<ul data-path-to-node=\"15\">\n<li>\n<p data-path-to-node=\"15,0,0\"><b data-path-to-node=\"15,0,0\" data-index-in-node=\"0\">Asunto:<\/b> San Judas Tadeo (con medall\u00f3n, bast\u00f3n y llama).<\/p>\n<\/li>\n<li>\n<p data-path-to-node=\"15,1,0\"><b data-path-to-node=\"15,1,0\" data-index-in-node=\"0\">Altura:<\/b> 10 cm.<\/p>\n<\/li>\n<li>\n<p data-path-to-node=\"15,2,0\"><b data-path-to-node=\"15,2,0\" data-index-in-node=\"0\">Material:<\/b> PRFV.<\/p>\n<\/li>\n<li>\n<p data-path-to-node=\"15,3,0\"><b data-path-to-node=\"15,3,0\" data-index-in-node=\"0\">Mano de obra:<\/b> Pintada a mano con la base y los detalles dorados.<\/p>\n<\/li>\n<\/ul>\n<p data-path-to-node=\"16\"><b data-path-to-node=\"16\" data-index-in-node=\"0\">Ideal para:<\/b> Un detalle original y significativo para <b data-path-to-node=\"16\" data-index-in-node=\"64\">Bautizos y Primeras Comuniones<\/b>. Al ser el Santo de las &#8220;causas imposibles&#8221;, es sobre todo un regalo perfecto y cari\u00f1oso para regalar a quienes se enfrentan a un momento dif\u00edcil, para recordarles que la esperanza nunca se pierde. <\/p>\n<p><strong><a href=\"https:\/\/staging.massisouvenir.it\/es\/contactos\/\" target=\"_blank\" rel=\"noopener\">Contacta con nosotros<\/a> <\/strong>para obtener informaci\u00f3n<\/p>\n<p><a href=\"https:\/\/www.instagram.com\/massi_souvenir\/\"><strong>S\u00edguenos en<\/strong><\/a> en nuestras redes sociales<\/p>\n","protected":false},"excerpt":{"rendered":"<p>Tierna figurita de pie que representa <b data-path-to-node=\"4\" data-index-in-node=\"55\">a San Judas Tadeo<\/b> con un dulce estilo infantil. Fabricada en resistente <b data-path-to-node=\"4\" data-index-in-node=\"144\">fibra de vidrio<\/b> pintada a mano, la peque\u00f1a figura viste la tradicional t\u00fanica blanca cubierta por el manto verde de la esperanza. En el pecho sujeta el caracter\u00edstico medall\u00f3n dorado con el rostro de Jes\u00fas, mientras que en la mano izquierda sostiene el b\u00e1culo. Sobre su cabeza destaca la llama roja del Esp\u00edritu Santo. Apoyado en una s\u00f3lida base de oro antiguo, es un bello s\u00edmbolo de fe y esperanza, ideal como detalle de boda o para regalar como aliento a un ser querido.    <\/p>\n","protected":false},"featured_media":3846,"template":"","meta":[],"product_brand":[],"product_cat":[275,278],"product_tag":[289,303,316,291,306,317,320],"class_list":{"0":"post-3928","1":"product","2":"type-product","3":"status-publish","4":"has-post-thumbnail","6":"product_cat-estatuas","7":"product_cat-estatuas-de-resina","8":"product_tag-arte-sacra","9":"product_tag-battesimo","10":"product_tag-dipinto-a-mano","11":"product_tag-idea-regalo","12":"product_tag-prima-comunione","13":"product_tag-prodotti-in-resina","14":"product_tag-san-giuda-taddeo","16":"first","17":"instock","18":"taxable","19":"shipping-taxable","20":"purchasable","21":"product-type-simple"},"yoast_head":"<!-- This site is optimized with the Yoast SEO plugin v27.3 - https:\/\/yoast.com\/product\/yoast-seo-wordpress\/ -->\n<title>Estatuilla San Judas Tadeo ni\u00f1o | Massi Souvenir<\/title>\n<meta name=\"description\" content=\"Descubre la Estatuilla del Ni\u00f1o San Judas Tadeo en fibra de vidrio (10 cm). Pintado a mano, s\u00edmbolo de esperanza. El regalo perfecto para casos dif\u00edciles.\" \/>\n<meta name=\"robots\" content=\"noindex, follow\" \/>\n<meta property=\"og:locale\" content=\"es_ES\" \/>\n<meta property=\"og:type\" content=\"article\" \/>\n<meta property=\"og:title\" content=\"Estatuilla San Judas Tadeo ni\u00f1o | Massi Souvenir\" \/>\n<meta property=\"og:description\" content=\"Descubre la Estatuilla del Ni\u00f1o San Judas Tadeo en fibra de vidrio (10 cm). Pintado a mano, s\u00edmbolo de esperanza. El regalo perfecto para casos dif\u00edciles.\" \/>\n<meta property=\"og:url\" content=\"https:\/\/staging.massisouvenir.it\/es\/prodotto\/statuina-san-giuda-taddeo-bambino\/\" \/>\n<meta property=\"og:site_name\" content=\"Massisouvenir\" \/>\n<meta property=\"og:image\" content=\"https:\/\/staging.massisouvenir.it\/wp-content\/uploads\/2026\/04\/WhatsApp-Image-2026-04-27-at-11.59.31.jpeg\" \/>\n\t<meta property=\"og:image:width\" content=\"1600\" \/>\n\t<meta property=\"og:image:height\" content=\"1600\" \/>\n\t<meta property=\"og:image:type\" content=\"image\/jpeg\" \/>\n<meta name=\"twitter:card\" content=\"summary_large_image\" \/>\n<script type=\"application\/ld+json\" class=\"yoast-schema-graph\">{\"@context\":\"https:\\\/\\\/schema.org\",\"@graph\":[{\"@type\":\"WebPage\",\"@id\":\"https:\\\/\\\/staging.massisouvenir.it\\\/es\\\/prodotto\\\/statuina-san-giuda-taddeo-bambino\\\/\",\"url\":\"https:\\\/\\\/staging.massisouvenir.it\\\/es\\\/prodotto\\\/statuina-san-giuda-taddeo-bambino\\\/\",\"name\":\"Estatuilla San Judas Tadeo ni\u00f1o | Massi Souvenir\",\"isPartOf\":{\"@id\":\"https:\\\/\\\/staging.massisouvenir.it\\\/es\\\/#website\"},\"primaryImageOfPage\":{\"@id\":\"https:\\\/\\\/staging.massisouvenir.it\\\/es\\\/prodotto\\\/statuina-san-giuda-taddeo-bambino\\\/#primaryimage\"},\"image\":{\"@id\":\"https:\\\/\\\/staging.massisouvenir.it\\\/es\\\/prodotto\\\/statuina-san-giuda-taddeo-bambino\\\/#primaryimage\"},\"thumbnailUrl\":\"https:\\\/\\\/staging.massisouvenir.it\\\/wp-content\\\/uploads\\\/2026\\\/04\\\/WhatsApp-Image-2026-04-27-at-11.59.31.jpeg\",\"datePublished\":\"2026-04-29T16:31:11+00:00\",\"description\":\"Descubre la Estatuilla del Ni\u00f1o San Judas Tadeo en fibra de vidrio (10 cm). Pintado a mano, s\u00edmbolo de esperanza. El regalo perfecto para casos dif\u00edciles.\",\"breadcrumb\":{\"@id\":\"https:\\\/\\\/staging.massisouvenir.it\\\/es\\\/prodotto\\\/statuina-san-giuda-taddeo-bambino\\\/#breadcrumb\"},\"inLanguage\":\"es\",\"potentialAction\":[{\"@type\":\"ReadAction\",\"target\":[\"https:\\\/\\\/staging.massisouvenir.it\\\/es\\\/prodotto\\\/statuina-san-giuda-taddeo-bambino\\\/\"]}]},{\"@type\":\"ImageObject\",\"inLanguage\":\"es\",\"@id\":\"https:\\\/\\\/staging.massisouvenir.it\\\/es\\\/prodotto\\\/statuina-san-giuda-taddeo-bambino\\\/#primaryimage\",\"url\":\"https:\\\/\\\/staging.massisouvenir.it\\\/wp-content\\\/uploads\\\/2026\\\/04\\\/WhatsApp-Image-2026-04-27-at-11.59.31.jpeg\",\"contentUrl\":\"https:\\\/\\\/staging.massisouvenir.it\\\/wp-content\\\/uploads\\\/2026\\\/04\\\/WhatsApp-Image-2026-04-27-at-11.59.31.jpeg\",\"width\":1600,\"height\":1600,\"caption\":\"Estatuilla San Judas ni\u00f1o\"},{\"@type\":\"BreadcrumbList\",\"@id\":\"https:\\\/\\\/staging.massisouvenir.it\\\/es\\\/prodotto\\\/statuina-san-giuda-taddeo-bambino\\\/#breadcrumb\",\"itemListElement\":[{\"@type\":\"ListItem\",\"position\":1,\"name\":\"Home\",\"item\":\"https:\\\/\\\/staging.massisouvenir.it\\\/es\\\/\"},{\"@type\":\"ListItem\",\"position\":2,\"name\":\"Shop\",\"item\":\"https:\\\/\\\/staging.massisouvenir.it\\\/es\\\/shop\\\/\"},{\"@type\":\"ListItem\",\"position\":3,\"name\":\"Estatuilla San Judas Tadeo &#8220;Estilo Ni\u00f1o\"}]},{\"@type\":\"WebSite\",\"@id\":\"https:\\\/\\\/staging.massisouvenir.it\\\/es\\\/#website\",\"url\":\"https:\\\/\\\/staging.massisouvenir.it\\\/es\\\/\",\"name\":\"Massisouvenir\",\"description\":\"\",\"publisher\":{\"@id\":\"https:\\\/\\\/staging.massisouvenir.it\\\/es\\\/#organization\"},\"potentialAction\":[{\"@type\":\"SearchAction\",\"target\":{\"@type\":\"EntryPoint\",\"urlTemplate\":\"https:\\\/\\\/staging.massisouvenir.it\\\/es\\\/?s={search_term_string}\"},\"query-input\":{\"@type\":\"PropertyValueSpecification\",\"valueRequired\":true,\"valueName\":\"search_term_string\"}}],\"inLanguage\":\"es\"},{\"@type\":\"Organization\",\"@id\":\"https:\\\/\\\/staging.massisouvenir.it\\\/es\\\/#organization\",\"name\":\"Massisouvenir\",\"url\":\"https:\\\/\\\/staging.massisouvenir.it\\\/es\\\/\",\"logo\":{\"@type\":\"ImageObject\",\"inLanguage\":\"es\",\"@id\":\"https:\\\/\\\/staging.massisouvenir.it\\\/es\\\/#\\\/schema\\\/logo\\\/image\\\/\",\"url\":\"https:\\\/\\\/staging.massisouvenir.it\\\/wp-content\\\/uploads\\\/2025\\\/07\\\/Logo-Massi-Souvenir-2018-Roma-San-Pietro-02.png\",\"contentUrl\":\"https:\\\/\\\/staging.massisouvenir.it\\\/wp-content\\\/uploads\\\/2025\\\/07\\\/Logo-Massi-Souvenir-2018-Roma-San-Pietro-02.png\",\"width\":750,\"height\":489,\"caption\":\"Massisouvenir\"},\"image\":{\"@id\":\"https:\\\/\\\/staging.massisouvenir.it\\\/es\\\/#\\\/schema\\\/logo\\\/image\\\/\"}}]}<\/script>\n<!-- \/ Yoast SEO plugin. -->","yoast_head_json":{"title":"Estatuilla San Judas Tadeo ni\u00f1o | Massi Souvenir","description":"Descubre la Estatuilla del Ni\u00f1o San Judas Tadeo en fibra de vidrio (10 cm). Pintado a mano, s\u00edmbolo de esperanza. El regalo perfecto para casos dif\u00edciles.","robots":{"index":"noindex","follow":"follow"},"og_locale":"es_ES","og_type":"article","og_title":"Estatuilla San Judas Tadeo ni\u00f1o | Massi Souvenir","og_description":"Descubre la Estatuilla del Ni\u00f1o San Judas Tadeo en fibra de vidrio (10 cm). Pintado a mano, s\u00edmbolo de esperanza. El regalo perfecto para casos dif\u00edciles.","og_url":"https:\/\/staging.massisouvenir.it\/es\/prodotto\/statuina-san-giuda-taddeo-bambino\/","og_site_name":"Massisouvenir","og_image":[{"width":1600,"height":1600,"url":"https:\/\/staging.massisouvenir.it\/wp-content\/uploads\/2026\/04\/WhatsApp-Image-2026-04-27-at-11.59.31.jpeg","type":"image\/jpeg"}],"twitter_card":"summary_large_image","schema":{"@context":"https:\/\/schema.org","@graph":[{"@type":"WebPage","@id":"https:\/\/staging.massisouvenir.it\/es\/prodotto\/statuina-san-giuda-taddeo-bambino\/","url":"https:\/\/staging.massisouvenir.it\/es\/prodotto\/statuina-san-giuda-taddeo-bambino\/","name":"Estatuilla San Judas Tadeo ni\u00f1o | Massi Souvenir","isPartOf":{"@id":"https:\/\/staging.massisouvenir.it\/es\/#website"},"primaryImageOfPage":{"@id":"https:\/\/staging.massisouvenir.it\/es\/prodotto\/statuina-san-giuda-taddeo-bambino\/#primaryimage"},"image":{"@id":"https:\/\/staging.massisouvenir.it\/es\/prodotto\/statuina-san-giuda-taddeo-bambino\/#primaryimage"},"thumbnailUrl":"https:\/\/staging.massisouvenir.it\/wp-content\/uploads\/2026\/04\/WhatsApp-Image-2026-04-27-at-11.59.31.jpeg","datePublished":"2026-04-29T16:31:11+00:00","description":"Descubre la Estatuilla del Ni\u00f1o San Judas Tadeo en fibra de vidrio (10 cm). Pintado a mano, s\u00edmbolo de esperanza. El regalo perfecto para casos dif\u00edciles.","breadcrumb":{"@id":"https:\/\/staging.massisouvenir.it\/es\/prodotto\/statuina-san-giuda-taddeo-bambino\/#breadcrumb"},"inLanguage":"es","potentialAction":[{"@type":"ReadAction","target":["https:\/\/staging.massisouvenir.it\/es\/prodotto\/statuina-san-giuda-taddeo-bambino\/"]}]},{"@type":"ImageObject","inLanguage":"es","@id":"https:\/\/staging.massisouvenir.it\/es\/prodotto\/statuina-san-giuda-taddeo-bambino\/#primaryimage","url":"https:\/\/staging.massisouvenir.it\/wp-content\/uploads\/2026\/04\/WhatsApp-Image-2026-04-27-at-11.59.31.jpeg","contentUrl":"https:\/\/staging.massisouvenir.it\/wp-content\/uploads\/2026\/04\/WhatsApp-Image-2026-04-27-at-11.59.31.jpeg","width":1600,"height":1600,"caption":"Estatuilla San Judas ni\u00f1o"},{"@type":"BreadcrumbList","@id":"https:\/\/staging.massisouvenir.it\/es\/prodotto\/statuina-san-giuda-taddeo-bambino\/#breadcrumb","itemListElement":[{"@type":"ListItem","position":1,"name":"Home","item":"https:\/\/staging.massisouvenir.it\/es\/"},{"@type":"ListItem","position":2,"name":"Shop","item":"https:\/\/staging.massisouvenir.it\/es\/shop\/"},{"@type":"ListItem","position":3,"name":"Estatuilla San Judas Tadeo &#8220;Estilo Ni\u00f1o"}]},{"@type":"WebSite","@id":"https:\/\/staging.massisouvenir.it\/es\/#website","url":"https:\/\/staging.massisouvenir.it\/es\/","name":"Massisouvenir","description":"","publisher":{"@id":"https:\/\/staging.massisouvenir.it\/es\/#organization"},"potentialAction":[{"@type":"SearchAction","target":{"@type":"EntryPoint","urlTemplate":"https:\/\/staging.massisouvenir.it\/es\/?s={search_term_string}"},"query-input":{"@type":"PropertyValueSpecification","valueRequired":true,"valueName":"search_term_string"}}],"inLanguage":"es"},{"@type":"Organization","@id":"https:\/\/staging.massisouvenir.it\/es\/#organization","name":"Massisouvenir","url":"https:\/\/staging.massisouvenir.it\/es\/","logo":{"@type":"ImageObject","inLanguage":"es","@id":"https:\/\/staging.massisouvenir.it\/es\/#\/schema\/logo\/image\/","url":"https:\/\/staging.massisouvenir.it\/wp-content\/uploads\/2025\/07\/Logo-Massi-Souvenir-2018-Roma-San-Pietro-02.png","contentUrl":"https:\/\/staging.massisouvenir.it\/wp-content\/uploads\/2025\/07\/Logo-Massi-Souvenir-2018-Roma-San-Pietro-02.png","width":750,"height":489,"caption":"Massisouvenir"},"image":{"@id":"https:\/\/staging.massisouvenir.it\/es\/#\/schema\/logo\/image\/"}}]}},"_links":{"self":[{"href":"https:\/\/staging.massisouvenir.it\/es\/wp-json\/wp\/v2\/product\/3928","targetHints":{"allow":["GET"]}}],"collection":[{"href":"https:\/\/staging.massisouvenir.it\/es\/wp-json\/wp\/v2\/product"}],"about":[{"href":"https:\/\/staging.massisouvenir.it\/es\/wp-json\/wp\/v2\/types\/product"}],"wp:featuredmedia":[{"embeddable":true,"href":"https:\/\/staging.massisouvenir.it\/es\/wp-json\/wp\/v2\/media\/3846"}],"wp:attachment":[{"href":"https:\/\/staging.massisouvenir.it\/es\/wp-json\/wp\/v2\/media?parent=3928"}],"wp:term":[{"taxonomy":"product_brand","embeddable":true,"href":"https:\/\/staging.massisouvenir.it\/es\/wp-json\/wp\/v2\/product_brand?post=3928"},{"taxonomy":"product_cat","embeddable":true,"href":"https:\/\/staging.massisouvenir.it\/es\/wp-json\/wp\/v2\/product_cat?post=3928"},{"taxonomy":"product_tag","embeddable":true,"href":"https:\/\/staging.massisouvenir.it\/es\/wp-json\/wp\/v2\/product_tag?post=3928"}],"curies":[{"name":"wp","href":"https:\/\/api.w.org\/{rel}","templated":true}]}}