{"id":3925,"date":"2026-04-29T16:26:42","date_gmt":"2026-04-29T16:26:42","guid":{"rendered":"https:\/\/staging.massisouvenir.it\/?post_type=product&#038;p=3925"},"modified":"2026-04-29T16:26:43","modified_gmt":"2026-04-29T16:26:43","slug":"statuina-san-giorgio-bambino-vetroresina-stile-bimbo","status":"publish","type":"product","link":"https:\/\/staging.massisouvenir.it\/es\/prodotto\/statuina-san-giorgio-bambino-vetroresina-stile-bimbo\/","title":{"rendered":"Estatuilla San Jorge &#8220;Stile Bimbo"},"content":{"rendered":"<p>Estatuilla San Jorge ni\u00f1o<\/p>\n<p data-path-to-node=\"14\"><b data-path-to-node=\"14\" data-index-in-node=\"0\">Caracter\u00edsticas t\u00e9cnicas:<\/b><\/p>\n<ul data-path-to-node=\"15\">\n<li>\n<p data-path-to-node=\"15,0,0\"><b data-path-to-node=\"15,0,0\" data-index-in-node=\"0\">Tema:<\/b> San Jorge (a caballo con lanza y drag\u00f3n).<\/p>\n<\/li>\n<li>\n<p data-path-to-node=\"15,1,0\"><b data-path-to-node=\"15,1,0\" data-index-in-node=\"0\">Altura:<\/b> 10 cm.<\/p>\n<\/li>\n<li>\n<p data-path-to-node=\"15,2,0\"><b data-path-to-node=\"15,2,0\" data-index-in-node=\"0\">Material:<\/b> PRFV.<\/p>\n<\/li>\n<li>\n<p data-path-to-node=\"15,3,0\"><b data-path-to-node=\"15,3,0\" data-index-in-node=\"0\">Mano de obra:<\/b> Pintada a mano con base dorada y detalles met\u00e1licos.<\/p>\n<\/li>\n<\/ul>\n<p data-path-to-node=\"16\"><b data-path-to-node=\"16\" data-index-in-node=\"0\">Ideal para:<\/b> Un detalle de boda original, valiente y lleno de significado para celebrar <b data-path-to-node=\"16\" data-index-in-node=\"84\">nacimientos, bautizos y primeras comuniones<\/b> (o incluso para los Scouts, de los que es Patr\u00f3n). Un regalo perfecto para desear a los ni\u00f1os que crezcan fuertes, valientes y capaces de afrontar los &#8220;retos&#8221; de la vida sostenidos por la fe. <\/p>\n<p><strong><a href=\"https:\/\/staging.massisouvenir.it\/es\/contactos\/\" target=\"_blank\" rel=\"noopener\">Contacta con nosotros<\/a> <\/strong>para obtener informaci\u00f3n<\/p>\n<p><a href=\"https:\/\/www.instagram.com\/massi_souvenir\/\"><strong>S\u00edguenos en<\/strong><\/a> en nuestras redes sociales<\/p>\n<p>&nbsp;<\/p>\n","protected":false},"excerpt":{"rendered":"<p>Tierna y din\u00e1mica figurita de pie que representa a <b data-path-to-node=\"4\" data-index-in-node=\"66\">San Jorge<\/b> con un dulce estilo infantil. Fabricada en resistente <b data-path-to-node=\"4\" data-index-in-node=\"150\">fibra de vidrio<\/b> pintada a mano, la peque\u00f1a figura lleva una detallada armadura plateada con un manto rojo. Montado en su orgulloso caballo blanco, empu\u00f1a con firmeza la lanza con la que derrota al escamoso drag\u00f3n que tiene a sus pies. Apoyado en una s\u00f3lida base de oro antiguo, es un poderoso s\u00edmbolo de valent\u00eda y triunfo del bien sobre el mal, ideal como favor de bautizo o para proteger la habitaci\u00f3n de un ni\u00f1o.   <\/p>\n","protected":false},"featured_media":3840,"template":"","meta":[],"product_brand":[],"product_cat":[275,278,210],"product_tag":[289,303,316,291,306,317,318],"class_list":{"0":"post-3925","1":"product","2":"type-product","3":"status-publish","4":"has-post-thumbnail","6":"product_cat-estatuas","7":"product_cat-estatuas-de-resina","8":"product_cat-uncategorized","9":"product_tag-arte-sacra","10":"product_tag-battesimo","11":"product_tag-dipinto-a-mano","12":"product_tag-idea-regalo","13":"product_tag-prima-comunione","14":"product_tag-prodotti-in-resina","15":"product_tag-san-giorgio","17":"first","18":"outofstock","19":"taxable","20":"shipping-taxable","21":"purchasable","22":"product-type-simple"},"yoast_head":"<!-- This site is optimized with the Yoast SEO plugin v27.3 - https:\/\/yoast.com\/product\/yoast-seo-wordpress\/ -->\n<title>Estatuilla ni\u00f1o San Jorge de fibra de vidrio | Massi Souvenir<\/title>\n<meta name=\"description\" content=\"Compra la Estatuilla del Ni\u00f1o San Jorge en fibra de vidrio. Figura pintada a mano, ideal para Bautizos. Un poderoso s\u00edmbolo de valor \u00fanico.\" \/>\n<meta name=\"robots\" content=\"noindex, follow\" \/>\n<meta property=\"og:locale\" content=\"es_ES\" \/>\n<meta property=\"og:type\" content=\"article\" \/>\n<meta property=\"og:title\" content=\"Estatuilla ni\u00f1o San Jorge de fibra de vidrio | Massi Souvenir\" \/>\n<meta property=\"og:description\" content=\"Compra la Estatuilla del Ni\u00f1o San Jorge en fibra de vidrio. Figura pintada a mano, ideal para Bautizos. Un poderoso s\u00edmbolo de valor \u00fanico.\" \/>\n<meta property=\"og:url\" content=\"https:\/\/staging.massisouvenir.it\/es\/prodotto\/statuina-san-giorgio-bambino-vetroresina-stile-bimbo\/\" \/>\n<meta property=\"og:site_name\" content=\"Massisouvenir\" \/>\n<meta property=\"article:modified_time\" content=\"2026-04-29T16:26:43+00:00\" \/>\n<meta property=\"og:image\" content=\"https:\/\/staging.massisouvenir.it\/wp-content\/uploads\/2026\/04\/WhatsApp-Image-2026-04-27-at-11.59.29.jpeg\" \/>\n\t<meta property=\"og:image:width\" content=\"1600\" \/>\n\t<meta property=\"og:image:height\" content=\"1600\" \/>\n\t<meta property=\"og:image:type\" content=\"image\/jpeg\" \/>\n<meta name=\"twitter:card\" content=\"summary_large_image\" \/>\n<meta name=\"twitter:label1\" content=\"Tiempo de lectura\" \/>\n\t<meta name=\"twitter:data1\" content=\"1 minuto\" \/>\n<script type=\"application\/ld+json\" class=\"yoast-schema-graph\">{\"@context\":\"https:\\\/\\\/schema.org\",\"@graph\":[{\"@type\":\"WebPage\",\"@id\":\"https:\\\/\\\/staging.massisouvenir.it\\\/es\\\/prodotto\\\/statuina-san-giorgio-bambino-vetroresina-stile-bimbo\\\/\",\"url\":\"https:\\\/\\\/staging.massisouvenir.it\\\/es\\\/prodotto\\\/statuina-san-giorgio-bambino-vetroresina-stile-bimbo\\\/\",\"name\":\"Estatuilla ni\u00f1o San Jorge de fibra de vidrio | Massi Souvenir\",\"isPartOf\":{\"@id\":\"https:\\\/\\\/staging.massisouvenir.it\\\/es\\\/#website\"},\"primaryImageOfPage\":{\"@id\":\"https:\\\/\\\/staging.massisouvenir.it\\\/es\\\/prodotto\\\/statuina-san-giorgio-bambino-vetroresina-stile-bimbo\\\/#primaryimage\"},\"image\":{\"@id\":\"https:\\\/\\\/staging.massisouvenir.it\\\/es\\\/prodotto\\\/statuina-san-giorgio-bambino-vetroresina-stile-bimbo\\\/#primaryimage\"},\"thumbnailUrl\":\"https:\\\/\\\/staging.massisouvenir.it\\\/wp-content\\\/uploads\\\/2026\\\/04\\\/WhatsApp-Image-2026-04-27-at-11.59.29.jpeg\",\"datePublished\":\"2026-04-29T16:26:42+00:00\",\"dateModified\":\"2026-04-29T16:26:43+00:00\",\"description\":\"Compra la Estatuilla del Ni\u00f1o San Jorge en fibra de vidrio. Figura pintada a mano, ideal para Bautizos. Un poderoso s\u00edmbolo de valor \u00fanico.\",\"breadcrumb\":{\"@id\":\"https:\\\/\\\/staging.massisouvenir.it\\\/es\\\/prodotto\\\/statuina-san-giorgio-bambino-vetroresina-stile-bimbo\\\/#breadcrumb\"},\"inLanguage\":\"es\",\"potentialAction\":[{\"@type\":\"ReadAction\",\"target\":[\"https:\\\/\\\/staging.massisouvenir.it\\\/es\\\/prodotto\\\/statuina-san-giorgio-bambino-vetroresina-stile-bimbo\\\/\"]}]},{\"@type\":\"ImageObject\",\"inLanguage\":\"es\",\"@id\":\"https:\\\/\\\/staging.massisouvenir.it\\\/es\\\/prodotto\\\/statuina-san-giorgio-bambino-vetroresina-stile-bimbo\\\/#primaryimage\",\"url\":\"https:\\\/\\\/staging.massisouvenir.it\\\/wp-content\\\/uploads\\\/2026\\\/04\\\/WhatsApp-Image-2026-04-27-at-11.59.29.jpeg\",\"contentUrl\":\"https:\\\/\\\/staging.massisouvenir.it\\\/wp-content\\\/uploads\\\/2026\\\/04\\\/WhatsApp-Image-2026-04-27-at-11.59.29.jpeg\",\"width\":1600,\"height\":1600,\"caption\":\"Estatuilla San Jorge ni\u00f1o\"},{\"@type\":\"BreadcrumbList\",\"@id\":\"https:\\\/\\\/staging.massisouvenir.it\\\/es\\\/prodotto\\\/statuina-san-giorgio-bambino-vetroresina-stile-bimbo\\\/#breadcrumb\",\"itemListElement\":[{\"@type\":\"ListItem\",\"position\":1,\"name\":\"Home\",\"item\":\"https:\\\/\\\/staging.massisouvenir.it\\\/es\\\/\"},{\"@type\":\"ListItem\",\"position\":2,\"name\":\"Shop\",\"item\":\"https:\\\/\\\/staging.massisouvenir.it\\\/es\\\/shop\\\/\"},{\"@type\":\"ListItem\",\"position\":3,\"name\":\"Estatuilla San Jorge &#8220;Stile Bimbo\"}]},{\"@type\":\"WebSite\",\"@id\":\"https:\\\/\\\/staging.massisouvenir.it\\\/es\\\/#website\",\"url\":\"https:\\\/\\\/staging.massisouvenir.it\\\/es\\\/\",\"name\":\"Massisouvenir\",\"description\":\"\",\"publisher\":{\"@id\":\"https:\\\/\\\/staging.massisouvenir.it\\\/es\\\/#organization\"},\"potentialAction\":[{\"@type\":\"SearchAction\",\"target\":{\"@type\":\"EntryPoint\",\"urlTemplate\":\"https:\\\/\\\/staging.massisouvenir.it\\\/es\\\/?s={search_term_string}\"},\"query-input\":{\"@type\":\"PropertyValueSpecification\",\"valueRequired\":true,\"valueName\":\"search_term_string\"}}],\"inLanguage\":\"es\"},{\"@type\":\"Organization\",\"@id\":\"https:\\\/\\\/staging.massisouvenir.it\\\/es\\\/#organization\",\"name\":\"Massisouvenir\",\"url\":\"https:\\\/\\\/staging.massisouvenir.it\\\/es\\\/\",\"logo\":{\"@type\":\"ImageObject\",\"inLanguage\":\"es\",\"@id\":\"https:\\\/\\\/staging.massisouvenir.it\\\/es\\\/#\\\/schema\\\/logo\\\/image\\\/\",\"url\":\"https:\\\/\\\/staging.massisouvenir.it\\\/wp-content\\\/uploads\\\/2025\\\/07\\\/Logo-Massi-Souvenir-2018-Roma-San-Pietro-02.png\",\"contentUrl\":\"https:\\\/\\\/staging.massisouvenir.it\\\/wp-content\\\/uploads\\\/2025\\\/07\\\/Logo-Massi-Souvenir-2018-Roma-San-Pietro-02.png\",\"width\":750,\"height\":489,\"caption\":\"Massisouvenir\"},\"image\":{\"@id\":\"https:\\\/\\\/staging.massisouvenir.it\\\/es\\\/#\\\/schema\\\/logo\\\/image\\\/\"}}]}<\/script>\n<!-- \/ Yoast SEO plugin. -->","yoast_head_json":{"title":"Estatuilla ni\u00f1o San Jorge de fibra de vidrio | Massi Souvenir","description":"Compra la Estatuilla del Ni\u00f1o San Jorge en fibra de vidrio. Figura pintada a mano, ideal para Bautizos. Un poderoso s\u00edmbolo de valor \u00fanico.","robots":{"index":"noindex","follow":"follow"},"og_locale":"es_ES","og_type":"article","og_title":"Estatuilla ni\u00f1o San Jorge de fibra de vidrio | Massi Souvenir","og_description":"Compra la Estatuilla del Ni\u00f1o San Jorge en fibra de vidrio. Figura pintada a mano, ideal para Bautizos. Un poderoso s\u00edmbolo de valor \u00fanico.","og_url":"https:\/\/staging.massisouvenir.it\/es\/prodotto\/statuina-san-giorgio-bambino-vetroresina-stile-bimbo\/","og_site_name":"Massisouvenir","article_modified_time":"2026-04-29T16:26:43+00:00","og_image":[{"width":1600,"height":1600,"url":"https:\/\/staging.massisouvenir.it\/wp-content\/uploads\/2026\/04\/WhatsApp-Image-2026-04-27-at-11.59.29.jpeg","type":"image\/jpeg"}],"twitter_card":"summary_large_image","twitter_misc":{"Tiempo de lectura":"1 minuto"},"schema":{"@context":"https:\/\/schema.org","@graph":[{"@type":"WebPage","@id":"https:\/\/staging.massisouvenir.it\/es\/prodotto\/statuina-san-giorgio-bambino-vetroresina-stile-bimbo\/","url":"https:\/\/staging.massisouvenir.it\/es\/prodotto\/statuina-san-giorgio-bambino-vetroresina-stile-bimbo\/","name":"Estatuilla ni\u00f1o San Jorge de fibra de vidrio | Massi Souvenir","isPartOf":{"@id":"https:\/\/staging.massisouvenir.it\/es\/#website"},"primaryImageOfPage":{"@id":"https:\/\/staging.massisouvenir.it\/es\/prodotto\/statuina-san-giorgio-bambino-vetroresina-stile-bimbo\/#primaryimage"},"image":{"@id":"https:\/\/staging.massisouvenir.it\/es\/prodotto\/statuina-san-giorgio-bambino-vetroresina-stile-bimbo\/#primaryimage"},"thumbnailUrl":"https:\/\/staging.massisouvenir.it\/wp-content\/uploads\/2026\/04\/WhatsApp-Image-2026-04-27-at-11.59.29.jpeg","datePublished":"2026-04-29T16:26:42+00:00","dateModified":"2026-04-29T16:26:43+00:00","description":"Compra la Estatuilla del Ni\u00f1o San Jorge en fibra de vidrio. Figura pintada a mano, ideal para Bautizos. Un poderoso s\u00edmbolo de valor \u00fanico.","breadcrumb":{"@id":"https:\/\/staging.massisouvenir.it\/es\/prodotto\/statuina-san-giorgio-bambino-vetroresina-stile-bimbo\/#breadcrumb"},"inLanguage":"es","potentialAction":[{"@type":"ReadAction","target":["https:\/\/staging.massisouvenir.it\/es\/prodotto\/statuina-san-giorgio-bambino-vetroresina-stile-bimbo\/"]}]},{"@type":"ImageObject","inLanguage":"es","@id":"https:\/\/staging.massisouvenir.it\/es\/prodotto\/statuina-san-giorgio-bambino-vetroresina-stile-bimbo\/#primaryimage","url":"https:\/\/staging.massisouvenir.it\/wp-content\/uploads\/2026\/04\/WhatsApp-Image-2026-04-27-at-11.59.29.jpeg","contentUrl":"https:\/\/staging.massisouvenir.it\/wp-content\/uploads\/2026\/04\/WhatsApp-Image-2026-04-27-at-11.59.29.jpeg","width":1600,"height":1600,"caption":"Estatuilla San Jorge ni\u00f1o"},{"@type":"BreadcrumbList","@id":"https:\/\/staging.massisouvenir.it\/es\/prodotto\/statuina-san-giorgio-bambino-vetroresina-stile-bimbo\/#breadcrumb","itemListElement":[{"@type":"ListItem","position":1,"name":"Home","item":"https:\/\/staging.massisouvenir.it\/es\/"},{"@type":"ListItem","position":2,"name":"Shop","item":"https:\/\/staging.massisouvenir.it\/es\/shop\/"},{"@type":"ListItem","position":3,"name":"Estatuilla San Jorge &#8220;Stile Bimbo"}]},{"@type":"WebSite","@id":"https:\/\/staging.massisouvenir.it\/es\/#website","url":"https:\/\/staging.massisouvenir.it\/es\/","name":"Massisouvenir","description":"","publisher":{"@id":"https:\/\/staging.massisouvenir.it\/es\/#organization"},"potentialAction":[{"@type":"SearchAction","target":{"@type":"EntryPoint","urlTemplate":"https:\/\/staging.massisouvenir.it\/es\/?s={search_term_string}"},"query-input":{"@type":"PropertyValueSpecification","valueRequired":true,"valueName":"search_term_string"}}],"inLanguage":"es"},{"@type":"Organization","@id":"https:\/\/staging.massisouvenir.it\/es\/#organization","name":"Massisouvenir","url":"https:\/\/staging.massisouvenir.it\/es\/","logo":{"@type":"ImageObject","inLanguage":"es","@id":"https:\/\/staging.massisouvenir.it\/es\/#\/schema\/logo\/image\/","url":"https:\/\/staging.massisouvenir.it\/wp-content\/uploads\/2025\/07\/Logo-Massi-Souvenir-2018-Roma-San-Pietro-02.png","contentUrl":"https:\/\/staging.massisouvenir.it\/wp-content\/uploads\/2025\/07\/Logo-Massi-Souvenir-2018-Roma-San-Pietro-02.png","width":750,"height":489,"caption":"Massisouvenir"},"image":{"@id":"https:\/\/staging.massisouvenir.it\/es\/#\/schema\/logo\/image\/"}}]}},"_links":{"self":[{"href":"https:\/\/staging.massisouvenir.it\/es\/wp-json\/wp\/v2\/product\/3925","targetHints":{"allow":["GET"]}}],"collection":[{"href":"https:\/\/staging.massisouvenir.it\/es\/wp-json\/wp\/v2\/product"}],"about":[{"href":"https:\/\/staging.massisouvenir.it\/es\/wp-json\/wp\/v2\/types\/product"}],"wp:featuredmedia":[{"embeddable":true,"href":"https:\/\/staging.massisouvenir.it\/es\/wp-json\/wp\/v2\/media\/3840"}],"wp:attachment":[{"href":"https:\/\/staging.massisouvenir.it\/es\/wp-json\/wp\/v2\/media?parent=3925"}],"wp:term":[{"taxonomy":"product_brand","embeddable":true,"href":"https:\/\/staging.massisouvenir.it\/es\/wp-json\/wp\/v2\/product_brand?post=3925"},{"taxonomy":"product_cat","embeddable":true,"href":"https:\/\/staging.massisouvenir.it\/es\/wp-json\/wp\/v2\/product_cat?post=3925"},{"taxonomy":"product_tag","embeddable":true,"href":"https:\/\/staging.massisouvenir.it\/es\/wp-json\/wp\/v2\/product_tag?post=3925"}],"curies":[{"name":"wp","href":"https:\/\/api.w.org\/{rel}","templated":true}]}}