{"id":3865,"date":"2026-02-28T11:57:18","date_gmt":"2026-02-28T11:57:18","guid":{"rendered":"https:\/\/staging.massisouvenir.it\/prodotto\/quadro-madonna-di-lourdes-bernadette-mdf\/"},"modified":"2026-04-28T10:22:29","modified_gmt":"2026-04-28T10:22:29","slug":"quadro-madonna-di-lourdes-bernadette-mdf","status":"publish","type":"product","link":"https:\/\/staging.massisouvenir.it\/es\/prodotto\/quadro-madonna-di-lourdes-bernadette-mdf\/","title":{"rendered":"Icono de la Aparici\u00f3n de Lourdes"},"content":{"rendered":"<h3 data-path-to-node=\"14\">Pintar a Nuestra Se\u00f1ora de Lourdes y Bernadette<\/h3>\n<p data-path-to-node=\"14\"><b data-path-to-node=\"14\" data-index-in-node=\"0\">Caracter\u00edsticas t\u00e9cnicas:<\/b><\/p>\n<ul data-path-to-node=\"15\">\n<li>\n<p data-path-to-node=\"15,0,0\"><b data-path-to-node=\"15,0,0\" data-index-in-node=\"0\">Asunto:<\/b> Nuestra Se\u00f1ora de Lourdes y Santa Bernadette.<\/p>\n<\/li>\n<li>\n<p data-path-to-node=\"15,1,0\"><b data-path-to-node=\"15,1,0\" data-index-in-node=\"0\">Material:<\/b> MDF con impresi\u00f3n acabada y marco efecto plateado.<\/p>\n<\/li>\n<li>\n<p data-path-to-node=\"15,2,0\"><b data-path-to-node=\"15,2,0\" data-index-in-node=\"0\">Soporte:<\/b> Pie met\u00e1lico desmontable.<\/p>\n<\/li>\n<li>\n<p data-path-to-node=\"15,3,0\"><b data-path-to-node=\"15,3,0\" data-index-in-node=\"0\">Tama\u00f1os disponibles: <\/b>11,5 x 17,5 cm<\/p>\n<\/li>\n<\/ul>\n<p data-path-to-node=\"16\"><b data-path-to-node=\"16\" data-index-in-node=\"0\">Ideal para:<\/b> Un regalo perfecto para los devotos de Nuestra Se\u00f1ora de Lourdes, para las personas que buscan consuelo en la oraci\u00f3n o como recuerdo preciado de una peregrinaci\u00f3n.<\/p>\n<p><strong><a href=\"https:\/\/staging.massisouvenir.it\/es\/contactos\/\" target=\"_blank\" rel=\"noopener\">Contacta con nosotros<\/a> <\/strong>para obtener informaci\u00f3n<\/p>\n<p><a href=\"https:\/\/www.instagram.com\/massi_souvenir\/\"><strong>S\u00edguenos en<\/strong><\/a> en nuestras redes sociales<\/p>\n","protected":false},"excerpt":{"rendered":"<p data-path-to-node=\"9\">Lleva a tu casa el mensaje de oraci\u00f3n y esperanza de la Gruta de Massabielle con este hermoso icono dedicado a <b data-path-to-node=\"9\" data-index-in-node=\"138\">Nuestra Se\u00f1ora de Lourdes<\/b>. La imagen capta el momento de la Aparici\u00f3n: la Virgen Mar\u00eda, vestida de blanco con un faj\u00edn azul, se aparece en la gruta a la joven Santa Bernadette arrodillada en oraci\u00f3n. Al fondo, la inconfundible silueta de la Bas\u00edlica de Lourdes. La elegante inscripci\u00f3n &#8220;Lourdes&#8221; completa la obra en la parte superior izquierda.   <\/p>\n<p data-path-to-node=\"9\">Este art\u00edculo est\u00e1 dise\u00f1ado para encajar perfectamente en tu espacio:<\/p>\n<ol start=\"1\" data-path-to-node=\"13\">\n<li>\n<p data-path-to-node=\"13,0,0\">Sobremesa<b data-path-to-node=\"13,0,0\" data-index-in-node=\"0\">:<\/b> El pr\u00e1ctico pie met\u00e1lico (incluido en la parte posterior) permite exponer el icono en mesillas de noche, escritorios o en el rinc\u00f3n de oraci\u00f3n.<\/p>\n<\/li>\n<li>\n<p data-path-to-node=\"13,1,0\"><b data-path-to-node=\"13,1,0\" data-index-in-node=\"0\">Montaje en pared:<\/b> La estructura trasera permite colgarlo f\u00e1cilmente en la pared.<\/p>\n<\/li>\n<\/ol>\n","protected":false},"featured_media":2614,"template":"","meta":[],"product_brand":[],"product_cat":[246,241],"product_tag":[288,289,290,291,292,293,294,295],"class_list":{"0":"post-3865","1":"product","2":"type-product","3":"status-publish","4":"has-post-thumbnail","6":"product_cat-cuadros-de-madera","7":"product_cat-imagenes-sagradas","8":"product_tag-apparizione-di-lourdes","9":"product_tag-arte-sacra","10":"product_tag-artigianato-italiano","11":"product_tag-idea-regalo","12":"product_tag-madonna-di-lourdes","13":"product_tag-prodotti-in-legno","14":"product_tag-quadro","15":"product_tag-quadro-da-tavolo","17":"first","18":"instock","19":"taxable","20":"shipping-taxable","21":"purchasable","22":"product-type-simple"},"yoast_head":"<!-- This site is optimized with the Yoast SEO plugin v27.3 - https:\/\/yoast.com\/product\/yoast-seo-wordpress\/ -->\n<title>Pintar a Nuestra Se\u00f1ora de Lourdes y Bernadette<\/title>\n<meta name=\"description\" content=\"Lleva la serenidad a tu hogar con el cuadro Nuestra Se\u00f1ora de Lourdes y Bernadette. Icono en MDF con marco plateado, perfecto para la mesa o para colgar en la pared.\" \/>\n<meta name=\"robots\" content=\"noindex, follow\" \/>\n<meta property=\"og:locale\" content=\"es_ES\" \/>\n<meta property=\"og:type\" content=\"article\" \/>\n<meta property=\"og:title\" content=\"Pintar a Nuestra Se\u00f1ora de Lourdes y Bernadette\" \/>\n<meta property=\"og:description\" content=\"Lleva la serenidad a tu hogar con el cuadro Nuestra Se\u00f1ora de Lourdes y Bernadette. Icono en MDF con marco plateado, perfecto para la mesa o para colgar en la pared.\" \/>\n<meta property=\"og:url\" content=\"https:\/\/staging.massisouvenir.it\/es\/prodotto\/quadro-madonna-di-lourdes-bernadette-mdf\/\" \/>\n<meta property=\"og:site_name\" content=\"Massisouvenir\" \/>\n<meta property=\"article:modified_time\" content=\"2026-04-28T10:22:29+00:00\" \/>\n<meta property=\"og:image\" content=\"https:\/\/staging.massisouvenir.it\/wp-content\/uploads\/2026\/02\/WhatsApp-Image-2026-02-28-at-12.43.19.jpeg\" \/>\n\t<meta property=\"og:image:width\" content=\"1512\" \/>\n\t<meta property=\"og:image:height\" content=\"1512\" \/>\n\t<meta property=\"og:image:type\" content=\"image\/jpeg\" \/>\n<meta name=\"twitter:card\" content=\"summary_large_image\" \/>\n<meta name=\"twitter:label1\" content=\"Tiempo de lectura\" \/>\n\t<meta name=\"twitter:data1\" content=\"1 minuto\" \/>\n<script type=\"application\/ld+json\" class=\"yoast-schema-graph\">{\"@context\":\"https:\\\/\\\/schema.org\",\"@graph\":[{\"@type\":\"WebPage\",\"@id\":\"https:\\\/\\\/staging.massisouvenir.it\\\/es\\\/prodotto\\\/quadro-madonna-di-lourdes-bernadette-mdf\\\/\",\"url\":\"https:\\\/\\\/staging.massisouvenir.it\\\/es\\\/prodotto\\\/quadro-madonna-di-lourdes-bernadette-mdf\\\/\",\"name\":\"Pintar a Nuestra Se\u00f1ora de Lourdes y Bernadette\",\"isPartOf\":{\"@id\":\"https:\\\/\\\/staging.massisouvenir.it\\\/es\\\/#website\"},\"primaryImageOfPage\":{\"@id\":\"https:\\\/\\\/staging.massisouvenir.it\\\/es\\\/prodotto\\\/quadro-madonna-di-lourdes-bernadette-mdf\\\/#primaryimage\"},\"image\":{\"@id\":\"https:\\\/\\\/staging.massisouvenir.it\\\/es\\\/prodotto\\\/quadro-madonna-di-lourdes-bernadette-mdf\\\/#primaryimage\"},\"thumbnailUrl\":\"https:\\\/\\\/staging.massisouvenir.it\\\/wp-content\\\/uploads\\\/2026\\\/02\\\/WhatsApp-Image-2026-02-28-at-12.43.19.jpeg\",\"datePublished\":\"2026-02-28T11:57:18+00:00\",\"dateModified\":\"2026-04-28T10:22:29+00:00\",\"description\":\"Lleva la serenidad a tu hogar con el cuadro Nuestra Se\u00f1ora de Lourdes y Bernadette. Icono en MDF con marco plateado, perfecto para la mesa o para colgar en la pared.\",\"breadcrumb\":{\"@id\":\"https:\\\/\\\/staging.massisouvenir.it\\\/es\\\/prodotto\\\/quadro-madonna-di-lourdes-bernadette-mdf\\\/#breadcrumb\"},\"inLanguage\":\"es\",\"potentialAction\":[{\"@type\":\"ReadAction\",\"target\":[\"https:\\\/\\\/staging.massisouvenir.it\\\/es\\\/prodotto\\\/quadro-madonna-di-lourdes-bernadette-mdf\\\/\"]}]},{\"@type\":\"ImageObject\",\"inLanguage\":\"es\",\"@id\":\"https:\\\/\\\/staging.massisouvenir.it\\\/es\\\/prodotto\\\/quadro-madonna-di-lourdes-bernadette-mdf\\\/#primaryimage\",\"url\":\"https:\\\/\\\/staging.massisouvenir.it\\\/wp-content\\\/uploads\\\/2026\\\/02\\\/WhatsApp-Image-2026-02-28-at-12.43.19.jpeg\",\"contentUrl\":\"https:\\\/\\\/staging.massisouvenir.it\\\/wp-content\\\/uploads\\\/2026\\\/02\\\/WhatsApp-Image-2026-02-28-at-12.43.19.jpeg\",\"width\":1512,\"height\":1512,\"caption\":\"Pintar a Nuestra Se\u00f1ora de Lourdes y Bernadette\"},{\"@type\":\"BreadcrumbList\",\"@id\":\"https:\\\/\\\/staging.massisouvenir.it\\\/es\\\/prodotto\\\/quadro-madonna-di-lourdes-bernadette-mdf\\\/#breadcrumb\",\"itemListElement\":[{\"@type\":\"ListItem\",\"position\":1,\"name\":\"Home\",\"item\":\"https:\\\/\\\/staging.massisouvenir.it\\\/es\\\/\"},{\"@type\":\"ListItem\",\"position\":2,\"name\":\"Shop\",\"item\":\"https:\\\/\\\/staging.massisouvenir.it\\\/es\\\/shop\\\/\"},{\"@type\":\"ListItem\",\"position\":3,\"name\":\"Icono de la Aparici\u00f3n de Lourdes\"}]},{\"@type\":\"WebSite\",\"@id\":\"https:\\\/\\\/staging.massisouvenir.it\\\/es\\\/#website\",\"url\":\"https:\\\/\\\/staging.massisouvenir.it\\\/es\\\/\",\"name\":\"Massisouvenir\",\"description\":\"\",\"publisher\":{\"@id\":\"https:\\\/\\\/staging.massisouvenir.it\\\/es\\\/#organization\"},\"potentialAction\":[{\"@type\":\"SearchAction\",\"target\":{\"@type\":\"EntryPoint\",\"urlTemplate\":\"https:\\\/\\\/staging.massisouvenir.it\\\/es\\\/?s={search_term_string}\"},\"query-input\":{\"@type\":\"PropertyValueSpecification\",\"valueRequired\":true,\"valueName\":\"search_term_string\"}}],\"inLanguage\":\"es\"},{\"@type\":\"Organization\",\"@id\":\"https:\\\/\\\/staging.massisouvenir.it\\\/es\\\/#organization\",\"name\":\"Massisouvenir\",\"url\":\"https:\\\/\\\/staging.massisouvenir.it\\\/es\\\/\",\"logo\":{\"@type\":\"ImageObject\",\"inLanguage\":\"es\",\"@id\":\"https:\\\/\\\/staging.massisouvenir.it\\\/es\\\/#\\\/schema\\\/logo\\\/image\\\/\",\"url\":\"https:\\\/\\\/staging.massisouvenir.it\\\/wp-content\\\/uploads\\\/2025\\\/07\\\/Logo-Massi-Souvenir-2018-Roma-San-Pietro-02.png\",\"contentUrl\":\"https:\\\/\\\/staging.massisouvenir.it\\\/wp-content\\\/uploads\\\/2025\\\/07\\\/Logo-Massi-Souvenir-2018-Roma-San-Pietro-02.png\",\"width\":750,\"height\":489,\"caption\":\"Massisouvenir\"},\"image\":{\"@id\":\"https:\\\/\\\/staging.massisouvenir.it\\\/es\\\/#\\\/schema\\\/logo\\\/image\\\/\"}}]}<\/script>\n<!-- \/ Yoast SEO plugin. -->","yoast_head_json":{"title":"Pintar a Nuestra Se\u00f1ora de Lourdes y Bernadette","description":"Lleva la serenidad a tu hogar con el cuadro Nuestra Se\u00f1ora de Lourdes y Bernadette. Icono en MDF con marco plateado, perfecto para la mesa o para colgar en la pared.","robots":{"index":"noindex","follow":"follow"},"og_locale":"es_ES","og_type":"article","og_title":"Pintar a Nuestra Se\u00f1ora de Lourdes y Bernadette","og_description":"Lleva la serenidad a tu hogar con el cuadro Nuestra Se\u00f1ora de Lourdes y Bernadette. Icono en MDF con marco plateado, perfecto para la mesa o para colgar en la pared.","og_url":"https:\/\/staging.massisouvenir.it\/es\/prodotto\/quadro-madonna-di-lourdes-bernadette-mdf\/","og_site_name":"Massisouvenir","article_modified_time":"2026-04-28T10:22:29+00:00","og_image":[{"width":1512,"height":1512,"url":"https:\/\/staging.massisouvenir.it\/wp-content\/uploads\/2026\/02\/WhatsApp-Image-2026-02-28-at-12.43.19.jpeg","type":"image\/jpeg"}],"twitter_card":"summary_large_image","twitter_misc":{"Tiempo de lectura":"1 minuto"},"schema":{"@context":"https:\/\/schema.org","@graph":[{"@type":"WebPage","@id":"https:\/\/staging.massisouvenir.it\/es\/prodotto\/quadro-madonna-di-lourdes-bernadette-mdf\/","url":"https:\/\/staging.massisouvenir.it\/es\/prodotto\/quadro-madonna-di-lourdes-bernadette-mdf\/","name":"Pintar a Nuestra Se\u00f1ora de Lourdes y Bernadette","isPartOf":{"@id":"https:\/\/staging.massisouvenir.it\/es\/#website"},"primaryImageOfPage":{"@id":"https:\/\/staging.massisouvenir.it\/es\/prodotto\/quadro-madonna-di-lourdes-bernadette-mdf\/#primaryimage"},"image":{"@id":"https:\/\/staging.massisouvenir.it\/es\/prodotto\/quadro-madonna-di-lourdes-bernadette-mdf\/#primaryimage"},"thumbnailUrl":"https:\/\/staging.massisouvenir.it\/wp-content\/uploads\/2026\/02\/WhatsApp-Image-2026-02-28-at-12.43.19.jpeg","datePublished":"2026-02-28T11:57:18+00:00","dateModified":"2026-04-28T10:22:29+00:00","description":"Lleva la serenidad a tu hogar con el cuadro Nuestra Se\u00f1ora de Lourdes y Bernadette. Icono en MDF con marco plateado, perfecto para la mesa o para colgar en la pared.","breadcrumb":{"@id":"https:\/\/staging.massisouvenir.it\/es\/prodotto\/quadro-madonna-di-lourdes-bernadette-mdf\/#breadcrumb"},"inLanguage":"es","potentialAction":[{"@type":"ReadAction","target":["https:\/\/staging.massisouvenir.it\/es\/prodotto\/quadro-madonna-di-lourdes-bernadette-mdf\/"]}]},{"@type":"ImageObject","inLanguage":"es","@id":"https:\/\/staging.massisouvenir.it\/es\/prodotto\/quadro-madonna-di-lourdes-bernadette-mdf\/#primaryimage","url":"https:\/\/staging.massisouvenir.it\/wp-content\/uploads\/2026\/02\/WhatsApp-Image-2026-02-28-at-12.43.19.jpeg","contentUrl":"https:\/\/staging.massisouvenir.it\/wp-content\/uploads\/2026\/02\/WhatsApp-Image-2026-02-28-at-12.43.19.jpeg","width":1512,"height":1512,"caption":"Pintar a Nuestra Se\u00f1ora de Lourdes y Bernadette"},{"@type":"BreadcrumbList","@id":"https:\/\/staging.massisouvenir.it\/es\/prodotto\/quadro-madonna-di-lourdes-bernadette-mdf\/#breadcrumb","itemListElement":[{"@type":"ListItem","position":1,"name":"Home","item":"https:\/\/staging.massisouvenir.it\/es\/"},{"@type":"ListItem","position":2,"name":"Shop","item":"https:\/\/staging.massisouvenir.it\/es\/shop\/"},{"@type":"ListItem","position":3,"name":"Icono de la Aparici\u00f3n de Lourdes"}]},{"@type":"WebSite","@id":"https:\/\/staging.massisouvenir.it\/es\/#website","url":"https:\/\/staging.massisouvenir.it\/es\/","name":"Massisouvenir","description":"","publisher":{"@id":"https:\/\/staging.massisouvenir.it\/es\/#organization"},"potentialAction":[{"@type":"SearchAction","target":{"@type":"EntryPoint","urlTemplate":"https:\/\/staging.massisouvenir.it\/es\/?s={search_term_string}"},"query-input":{"@type":"PropertyValueSpecification","valueRequired":true,"valueName":"search_term_string"}}],"inLanguage":"es"},{"@type":"Organization","@id":"https:\/\/staging.massisouvenir.it\/es\/#organization","name":"Massisouvenir","url":"https:\/\/staging.massisouvenir.it\/es\/","logo":{"@type":"ImageObject","inLanguage":"es","@id":"https:\/\/staging.massisouvenir.it\/es\/#\/schema\/logo\/image\/","url":"https:\/\/staging.massisouvenir.it\/wp-content\/uploads\/2025\/07\/Logo-Massi-Souvenir-2018-Roma-San-Pietro-02.png","contentUrl":"https:\/\/staging.massisouvenir.it\/wp-content\/uploads\/2025\/07\/Logo-Massi-Souvenir-2018-Roma-San-Pietro-02.png","width":750,"height":489,"caption":"Massisouvenir"},"image":{"@id":"https:\/\/staging.massisouvenir.it\/es\/#\/schema\/logo\/image\/"}}]}},"_links":{"self":[{"href":"https:\/\/staging.massisouvenir.it\/es\/wp-json\/wp\/v2\/product\/3865","targetHints":{"allow":["GET"]}}],"collection":[{"href":"https:\/\/staging.massisouvenir.it\/es\/wp-json\/wp\/v2\/product"}],"about":[{"href":"https:\/\/staging.massisouvenir.it\/es\/wp-json\/wp\/v2\/types\/product"}],"wp:featuredmedia":[{"embeddable":true,"href":"https:\/\/staging.massisouvenir.it\/es\/wp-json\/wp\/v2\/media\/2614"}],"wp:attachment":[{"href":"https:\/\/staging.massisouvenir.it\/es\/wp-json\/wp\/v2\/media?parent=3865"}],"wp:term":[{"taxonomy":"product_brand","embeddable":true,"href":"https:\/\/staging.massisouvenir.it\/es\/wp-json\/wp\/v2\/product_brand?post=3865"},{"taxonomy":"product_cat","embeddable":true,"href":"https:\/\/staging.massisouvenir.it\/es\/wp-json\/wp\/v2\/product_cat?post=3865"},{"taxonomy":"product_tag","embeddable":true,"href":"https:\/\/staging.massisouvenir.it\/es\/wp-json\/wp\/v2\/product_tag?post=3865"}],"curies":[{"name":"wp","href":"https:\/\/api.w.org\/{rel}","templated":true}]}}